{"id":2854,"date":"2024-05-28T17:00:34","date_gmt":"2024-05-28T15:00:34","guid":{"rendered":"https:\/\/www.bleuplaisance.com\/?page_id=2854"},"modified":"2024-05-28T17:05:20","modified_gmt":"2024-05-28T15:05:20","slug":"mentions-legales","status":"publish","type":"page","link":"https:\/\/www.bleuplaisance.com\/en\/mentions-legales\/","title":{"rendered":"Legal Notice"},"content":{"rendered":"<div data-elementor-type=\"wp-page\" data-elementor-id=\"2854\" class=\"elementor elementor-2854\" data-elementor-post-type=\"page\">\n\t\t\t\t<div class=\"elementor-element elementor-element-993908d e-flex e-con-boxed e-con e-parent\" data-id=\"993908d\" data-element_type=\"container\" data-e-type=\"container\" data-settings=\"{&quot;background_background&quot;:&quot;classic&quot;}\">\n\t\t\t\t\t<div class=\"e-con-inner\">\n\t\t<div class=\"elementor-element elementor-element-4b6dd96 e-con-full e-flex e-con e-child\" data-id=\"4b6dd96\" data-element_type=\"container\" data-e-type=\"container\">\n\t\t\t\t<div class=\"elementor-element elementor-element-8fc32ab de_scroll_animation_no elementor-invisible elementor-widget elementor-widget-heading\" data-id=\"8fc32ab\" data-element_type=\"widget\" data-e-type=\"widget\" data-settings=\"{&quot;_animation&quot;:&quot;fadeIn&quot;}\" data-widget_type=\"heading.default\">\n\t\t\t\t<div class=\"elementor-widget-container\">\n\t\t\t\t\t<h2 class=\"elementor-heading-title elementor-size-default\">Legal Notice<\/h2>\t\t\t\t<\/div>\n\t\t\t\t<\/div>\n\t\t\t\t<div class=\"elementor-element elementor-element-f67b686 elementor-icon-list--layout-inline elementor-align-center elementor-list-item-link-full_width de_scroll_animation_no elementor-invisible elementor-widget elementor-widget-icon-list\" data-id=\"f67b686\" data-element_type=\"widget\" data-e-type=\"widget\" data-settings=\"{&quot;_animation&quot;:&quot;fadeIn&quot;,&quot;_animation_delay&quot;:200}\" data-widget_type=\"icon-list.default\">\n\t\t\t\t<div class=\"elementor-widget-container\">\n\t\t\t\t\t\t\t<ul class=\"elementor-icon-list-items elementor-inline-items\">\n\t\t\t\t\t\t\t<li class=\"elementor-icon-list-item elementor-inline-item\">\n\t\t\t\t\t\t\t\t\t\t\t<a href=\"https:\/\/www.bleuplaisance.com\/en\">\n\n\t\t\t\t\t\t\t\t\t\t\t<span class=\"elementor-icon-list-text\">Welcome<\/span>\n\t\t\t\t\t\t\t\t\t\t\t<\/a>\n\t\t\t\t\t\t\t\t\t<\/li>\n\t\t\t\t\t\t\t\t<li class=\"elementor-icon-list-item elementor-inline-item\">\n\t\t\t\t\t\t\t\t\t\t\t<span class=\"elementor-icon-list-icon\">\n\t\t\t\t\t\t\t<i aria-hidden=\"true\" class=\"icon icon-right-arrow2\"><\/i>\t\t\t\t\t\t<\/span>\n\t\t\t\t\t\t\t\t\t\t<span class=\"elementor-icon-list-text\">Legal Notice<\/span>\n\t\t\t\t\t\t\t\t\t<\/li>\n\t\t\t\t\t\t<\/ul>\n\t\t\t\t\t\t<\/div>\n\t\t\t\t<\/div>\n\t\t\t\t<\/div>\n\t\t\t\t\t<\/div>\n\t\t\t\t<\/div>\n\t\t<div class=\"elementor-element elementor-element-192c8c7a e-flex e-con-boxed e-con e-parent\" data-id=\"192c8c7a\" data-element_type=\"container\" data-e-type=\"container\">\n\t\t\t\t\t<div class=\"e-con-inner\">\n\t\t\t\t<div class=\"elementor-element elementor-element-69f6d539 de_scroll_animation_no elementor-widget elementor-widget-text-editor\" data-id=\"69f6d539\" data-element_type=\"widget\" data-e-type=\"widget\" data-widget_type=\"text-editor.default\">\n\t\t\t\t<div class=\"elementor-widget-container\">\n\t\t\t\t\t\t\t\t\t<h3><span id=\"lwptoc20\">1 \u2013 Editing the site<\/span><\/h3><p>By virtue of\u00a0<a href=\"https:\/\/www.legifrance.gouv.fr\/affichTexte.do?cidTexte=JORFTEXT000000801164#LEGIARTI000042038977\" target=\"_blank\" rel=\"noreferrer noopener\">article 6 of law no. 2004-575 of June 21, 2004<\/a>\u00a0for confidence in the digital economy, users of the website are informed\u00a0<strong><span class=\"ff_dynamic_value\" data-ref=\"url\" data-fallback=\"\">https:\/\/www.bleuplaisance.com\/<\/span><\/strong>\u00a0the identity of the various stakeholders in the context of its implementation and monitoring:<\/p><p><strong>Site owner:\u00a0<\/strong><span class=\"ff_dynamic_value\" data-ref=\"nom_proprietaire\" data-fallback=\"\">Blue Plaisance<\/span>\u00a0- Contact :\u00a0<span class=\"ff_dynamic_value\" data-ref=\"e_mail_contact\" data-fallback=\"\">contact@bleuplaisance.com<\/span>\u00a0<span class=\"ff_dynamic_value\" data-ref=\"telephone\" data-fallback=\"\">+33 6 25 98 76 33<\/span>\u00a0- Address :\u00a0<span class=\"ff_dynamic_value\" data-ref=\"adresse_postale\" data-fallback=\"\">BLEU PLAISANCE, Port De Saint Aygulf, 83370 Frejus<\/span>.<\/p><p><strong>Company Identification :<\/strong>\u00a0<span class=\"ff_dynamic_value\" data-ref=\"forme_juridique\" data-fallback=\"\">SASU<\/span>\u00a0<span class=\"ff_dynamic_value\" data-ref=\"nom_proprietaire\" data-fallback=\"\">Blue Plaisance<\/span>\u00a0to the share capital of\u00a0<span class=\"ff_dynamic_value\" data-ref=\"capital_social\" data-fallback=\"\">1000<\/span>\u20ac \u2013 SIREN:\u00a0<span class=\"ff_dynamic_value\" data-ref=\"siren\" data-fallback=\"\">812364644<\/span>\u00a0\u2013 RCS or RM:\u00a0<span class=\"ff_dynamic_value\" data-ref=\"rcs\" data-fallback=\"\">Frejus B 812 364 644<\/span>\u00a0- Address :\u00a0<span class=\"ff_dynamic_value\" data-ref=\"adresse_postale\" data-fallback=\"\">BLEU PLAISANCE, Port De Saint Aygulf, 83370 Frejus<\/span><\/p><p><strong>Publication Director :\u00a0<\/strong>- Contact : <span class=\"ff_dynamic_value\" data-ref=\"dpo\" data-fallback=\"\">Laurent STANOZLIAN<\/span>\u00a0&#8211;\u00a0<span class=\"ff_dynamic_value\" data-ref=\"contact_dpo\" data-fallback=\"\">contact@bleuplaisance.com<\/span><\/p><p><strong>Host :<\/strong>\u00a0<span class=\"ff_dynamic_value\" data-ref=\"nom_hebergeur\" data-fallback=\"\">YouTribe SAS<\/span>\u00a0<span class=\"ff_dynamic_value\" data-ref=\"adresse_hebergeur\" data-fallback=\"\">68 avenue du Mar\u00e9chal de Lattre de Tassigny, 44500 La Baule Escoublac, <\/span><span class=\"ff_dynamic_value\" data-ref=\"telephone_hebergeur\" data-fallback=\"\">hello@youtribe.io<\/span><\/p><p><strong>Data Protection Officer:\u00a0<\/strong><span class=\"ff_dynamic_value\" data-ref=\"dpo\" data-fallback=\"\">Laurent STANOZLIAN<\/span>\u00a0&#8211;\u00a0<span class=\"ff_dynamic_value\" data-ref=\"contact_dpo\" data-fallback=\"\">contact@bleuplaisance.com<\/span><\/p><p><strong>Other contributors:<\/strong>\u00a0<span class=\"ff_dynamic_value\" data-ref=\"autres_contributeurs\" data-fallback=\"\">Website developed by <a href=\"https:\/\/youtribe.io\/\">the YouTribe agency<\/a><\/span><\/p><h3><span id=\"lwptoc21\">2 \u2013 Intellectual property and counterfeits.<\/span><\/h3><p><strong><span class=\"ff_dynamic_value\" data-ref=\"nom_proprietaire\" data-fallback=\"\">Blue Plaisance<\/span><\/strong>\u00a0is the owner of the intellectual property rights and holds the usage rights on all elements accessible on the website, in particular texts, images, graphics, logos, videos, architecture, icons and sounds.<\/p><p>Any reproduction, representation, modification, publication, adaptation of all or part of the elements of the site, whatever the means or process used, is prohibited without prior written authorization from\u00a0<strong><span class=\"ff_dynamic_value\" data-ref=\"nom_proprietaire\" data-fallback=\"\">Blue Plaisance<\/span><\/strong>.<\/p><p>Any unauthorized use of the site or any of the elements it contains will be considered as constituting an infringement and prosecuted in accordance with the provisions of articles\u00a0<a href=\"https:\/\/www.legifrance.gouv.fr\/affichCodeArticle.do?idArticle=LEGIARTI000032655082&amp;cidTexte=LEGITEXT000006069414&amp;dateTexte=20160605\" target=\"_blank\" rel=\"noreferrer nofollow noopener\">L.335-2 et seq. of the Intellectual Property Code<\/a>.<\/p><h3><span id=\"lwptoc22\">3 \u2013 Limitations of liability.<\/span><\/h3><p><strong><span class=\"ff_dynamic_value\" data-ref=\"nom_proprietaire\" data-fallback=\"\">Blue Plaisance<\/span><\/strong>\u00a0cannot be held responsible for direct or indirect damage caused to the user&#039;s equipment when accessing the site.\u00a0<strong><span class=\"ff_dynamic_value\" data-ref=\"url\" data-fallback=\"\">https:\/\/www.bleuplaisance.com\/<\/span><\/strong>.<\/p><p><strong><span class=\"ff_dynamic_value\" data-ref=\"nom_proprietaire\" data-fallback=\"\">Blue Plaisance<\/span><\/strong>\u00a0declines all responsibility for the use that may be made of the information and content present on\u00a0<strong><span class=\"ff_dynamic_value\" data-ref=\"url\" data-fallback=\"\">https:\/\/www.bleuplaisance.com\/<\/span><\/strong>.<\/p><p><strong><span class=\"ff_dynamic_value\" data-ref=\"nom_proprietaire\" data-fallback=\"\">Blue Plaisance<\/span><\/strong>\u00a0undertakes to secure the site as best as possible\u00a0<strong><span class=\"ff_dynamic_value\" data-ref=\"url\" data-fallback=\"\">https:\/\/www.bleuplaisance.com\/<\/span><\/strong>, however its liability cannot be called into question if unwanted data is imported and installed on its site without its knowledge.<\/p><p>Interactive spaces (contact space or comments) are available to users.\u00a0<strong><span class=\"ff_dynamic_value\" data-ref=\"nom_proprietaire\" data-fallback=\"\">Blue Plaisance<\/span><\/strong>\u00a0reserves the right to delete, without prior notice, any content posted in this space which contravenes the legislation applicable in France, in particular the provisions relating to data protection.<\/p><p>If applicable,\u00a0<strong><span class=\"ff_dynamic_value\" data-ref=\"nom_proprietaire\" data-fallback=\"\">Blue Plaisance<\/span><\/strong> also reserves the possibility of calling into question the civil and\/or criminal liability of the user, in particular in the event of a message of a racist, offensive, defamatory, or pornographic nature, whatever the medium used (text, photography, etc.).<\/p><h3><span id=\"lwptoc23\">4 \u2013 CNIL and management of personal data.<\/span><\/h3><p>In accordance with the provisions of\u00a0<a href=\"https:\/\/www.legifrance.gouv.fr\/affichTexte.do?cidTexte=JORFTEXT000000886460\" target=\"_blank\" rel=\"noreferrer nofollow noopener\">law 78-17 of January 6, 1978 amended<\/a>, the user of the site\u00a0<strong><span class=\"ff_dynamic_value\" data-ref=\"url\" data-fallback=\"\">https:\/\/www.bleuplaisance.com\/<\/span><\/strong>\u00a0has the right to access, modify and delete the information collected. To exercise this right, send a message to our Data Protection Officer:\u00a0<strong><span class=\"ff_dynamic_value\" data-ref=\"dpo\" data-fallback=\"\">Laurent STANOZLIAN<\/span><\/strong>\u00a0&#8211;\u00a0<strong><span class=\"ff_dynamic_value\" data-ref=\"contact_dpo\" data-fallback=\"\">contact@bleuplaisance.com<\/span><\/strong>.<\/p><p>For more information on how we process your data (type of data, purpose, recipient, etc.), read our\u00a0<strong><span class=\"ff_dynamic_value\" data-ref=\"politique_confidentialite\" data-fallback=\"\"><a href=\"https:\/\/www.bleuplaisance.com\/en\/politique-de-confidentialite\/\">Privacy Policy<\/a>.<\/span><\/strong><\/p><h3><span id=\"lwptoc24\">5 \u2013 Hypertext links and cookies<\/span><\/h3><p>The site\u00a0<strong><span class=\"ff_dynamic_value\" data-ref=\"url\" data-fallback=\"\">https:\/\/www.bleuplaisance.com\/<\/span><\/strong>\u00a0contains hypertext links to other sites and disclaims any responsibility for these external links or links created by other sites to\u00a0<strong><span class=\"ff_dynamic_value\" data-ref=\"url\" data-fallback=\"\">https:\/\/www.bleuplaisance.com\/<\/span><\/strong>.<\/p><p>Navigation on the site\u00a0<strong><span class=\"ff_dynamic_value\" data-ref=\"url\" data-fallback=\"\">https:\/\/www.bleuplaisance.com\/<\/span><\/strong>\u00a0may cause the installation of cookie(s) on the user&#039;s computer.<\/p><p>A \u201ccookie\u201d is a small file that records information relating to a user\u2019s navigation on a site. The data thus obtained makes it possible to obtain attendance measurements, for example.<\/p><p>You have the possibility\u00a0<strong>to accept or refuse cookies<\/strong>\u00a0by changing your browser settings. No cookies will be placed without your consent.<\/p><p>Cookies are saved for a maximum duration of\u00a0<span class=\"ff_dynamic_value\" data-ref=\"cookies\" data-fallback=\"\">12<\/span>\u00a0month.<\/p><p>For more information on how we use cookies, read our \u00a0<strong><span class=\"ff_dynamic_value\" data-ref=\"politique_confidentialite\" data-fallback=\"\"><a href=\"https:\/\/www.bleuplaisance.com\/en\/politique-de-confidentialite\/\">Privacy Policy<\/a>.<\/span><\/strong><\/p><h3><span id=\"lwptoc25\">6 \u2013 Applicable law and attribution of jurisdiction.<\/span><\/h3><p>Any dispute relating to the use of the site\u00a0<strong><span class=\"ff_dynamic_value\" data-ref=\"url\" data-fallback=\"\">https:\/\/www.bleuplaisance.com\/<\/span><\/strong>\u00a0is subject to French law. Except in cases where the law does not permit it, exclusive jurisdiction is granted to the competent courts of\u00a0<strong><span class=\"ff_dynamic_value\" data-ref=\"ville_du_tribunal\" data-fallback=\"\">Frejus<\/span><\/strong>.<\/p>\t\t\t\t\t\t\t\t<\/div>\n\t\t\t\t<\/div>\n\t\t\t\t\t<\/div>\n\t\t\t\t<\/div>\n\t\t\t\t<\/div>","protected":false},"excerpt":{"rendered":"<p>Mentions l\u00e9gales Accueil Mentions l\u00e9gales 1 &#8211; \u00c9dition du site En vertu de\u00a0l&rsquo;article 6 de la loi n\u00b0 2004-575 du 21 juin 2004\u00a0pour la confiance dans l&rsquo;\u00e9conomie num\u00e9rique, il est pr\u00e9cis\u00e9 aux utilisateurs du site internet\u00a0https:\/\/www.bleuplaisance.com\/\u00a0l&rsquo;identit\u00e9 des diff\u00e9rents intervenants dans le cadre de sa r\u00e9alisation et de son suivi: Propri\u00e9taire du site :\u00a0Bleu Plaisance\u00a0&#8211; Contact [&hellip;]<\/p>\n","protected":false},"author":3,"featured_media":0,"parent":0,"menu_order":0,"comment_status":"closed","ping_status":"open","template":"","meta":{"footnotes":""},"class_list":["post-2854","page","type-page","status-publish","hentry"],"yoast_head":"<!-- This site is optimized with the Yoast SEO plugin v27.5 - https:\/\/yoast.com\/product\/yoast-seo-wordpress\/ -->\n<title>Mentions l\u00e9gales - Bleu Plaisance<\/title>\n<meta name=\"robots\" content=\"index, follow, max-snippet:-1, max-image-preview:large, max-video-preview:-1\" \/>\n<link rel=\"canonical\" href=\"https:\/\/www.bleuplaisance.com\/en\/mentions-legales\/\" \/>\n<meta property=\"og:locale\" content=\"en_GB\" \/>\n<meta property=\"og:type\" content=\"article\" \/>\n<meta property=\"og:title\" content=\"Mentions l\u00e9gales - Bleu Plaisance\" \/>\n<meta property=\"og:description\" content=\"Mentions l\u00e9gales Accueil Mentions l\u00e9gales 1 &#8211; \u00c9dition du site En vertu de\u00a0l&rsquo;article 6 de la loi n\u00b0 2004-575 du 21 juin 2004\u00a0pour la confiance dans l&rsquo;\u00e9conomie num\u00e9rique, il est pr\u00e9cis\u00e9 aux utilisateurs du site internet\u00a0https:\/\/www.bleuplaisance.com\/\u00a0l&rsquo;identit\u00e9 des diff\u00e9rents intervenants dans le cadre de sa r\u00e9alisation et de son suivi: Propri\u00e9taire du site :\u00a0Bleu Plaisance\u00a0&#8211; Contact [&hellip;]\" \/>\n<meta property=\"og:url\" content=\"https:\/\/www.bleuplaisance.com\/en\/mentions-legales\/\" \/>\n<meta property=\"og:site_name\" content=\"Bleu Plaisance\" \/>\n<meta property=\"article:modified_time\" content=\"2024-05-28T15:05:20+00:00\" \/>\n<meta name=\"twitter:card\" content=\"summary_large_image\" \/>\n<meta name=\"twitter:label1\" content=\"Estimated reading time\" \/>\n\t<meta name=\"twitter:data1\" content=\"4 minutes\" \/>\n<script type=\"application\/ld+json\" class=\"yoast-schema-graph\">{\"@context\":\"https:\\\/\\\/schema.org\",\"@graph\":[{\"@type\":\"WebPage\",\"@id\":\"https:\\\/\\\/www.bleuplaisance.com\\\/mentions-legales\\\/\",\"url\":\"https:\\\/\\\/www.bleuplaisance.com\\\/mentions-legales\\\/\",\"name\":\"Mentions l\u00e9gales - Bleu Plaisance\",\"isPartOf\":{\"@id\":\"https:\\\/\\\/www.bleuplaisance.com\\\/#website\"},\"datePublished\":\"2024-05-28T15:00:34+00:00\",\"dateModified\":\"2024-05-28T15:05:20+00:00\",\"breadcrumb\":{\"@id\":\"https:\\\/\\\/www.bleuplaisance.com\\\/mentions-legales\\\/#breadcrumb\"},\"inLanguage\":\"en-GB\",\"potentialAction\":[{\"@type\":\"ReadAction\",\"target\":[\"https:\\\/\\\/www.bleuplaisance.com\\\/mentions-legales\\\/\"]}]},{\"@type\":\"BreadcrumbList\",\"@id\":\"https:\\\/\\\/www.bleuplaisance.com\\\/mentions-legales\\\/#breadcrumb\",\"itemListElement\":[{\"@type\":\"ListItem\",\"position\":1,\"name\":\"Accueil\",\"item\":\"https:\\\/\\\/www.bleuplaisance.com\\\/\"},{\"@type\":\"ListItem\",\"position\":2,\"name\":\"Mentions l\u00e9gales\"}]},{\"@type\":\"WebSite\",\"@id\":\"https:\\\/\\\/www.bleuplaisance.com\\\/#website\",\"url\":\"https:\\\/\\\/www.bleuplaisance.com\\\/\",\"name\":\"Bleu Plaisance\",\"description\":\"\",\"publisher\":{\"@id\":\"https:\\\/\\\/www.bleuplaisance.com\\\/#organization\"},\"potentialAction\":[{\"@type\":\"SearchAction\",\"target\":{\"@type\":\"EntryPoint\",\"urlTemplate\":\"https:\\\/\\\/www.bleuplaisance.com\\\/?s={search_term_string}\"},\"query-input\":{\"@type\":\"PropertyValueSpecification\",\"valueRequired\":true,\"valueName\":\"search_term_string\"}}],\"inLanguage\":\"en-GB\"},{\"@type\":\"Organization\",\"@id\":\"https:\\\/\\\/www.bleuplaisance.com\\\/#organization\",\"name\":\"Bleu Plaisance\",\"url\":\"https:\\\/\\\/www.bleuplaisance.com\\\/\",\"logo\":{\"@type\":\"ImageObject\",\"inLanguage\":\"en-GB\",\"@id\":\"https:\\\/\\\/www.bleuplaisance.com\\\/#\\\/schema\\\/logo\\\/image\\\/\",\"url\":\"https:\\\/\\\/www.bleuplaisance.com\\\/wp-content\\\/uploads\\\/2024\\\/02\\\/LOGO-BLEU-PLAISANCE-White-v_long.png\",\"contentUrl\":\"https:\\\/\\\/www.bleuplaisance.com\\\/wp-content\\\/uploads\\\/2024\\\/02\\\/LOGO-BLEU-PLAISANCE-White-v_long.png\",\"width\":669,\"height\":216,\"caption\":\"Bleu Plaisance\"},\"image\":{\"@id\":\"https:\\\/\\\/www.bleuplaisance.com\\\/#\\\/schema\\\/logo\\\/image\\\/\"}}]}<\/script>\n<!-- \/ Yoast SEO plugin. -->","yoast_head_json":{"title":"Mentions l\u00e9gales - Bleu Plaisance","robots":{"index":"index","follow":"follow","max-snippet":"max-snippet:-1","max-image-preview":"max-image-preview:large","max-video-preview":"max-video-preview:-1"},"canonical":"https:\/\/www.bleuplaisance.com\/en\/mentions-legales\/","og_locale":"en_GB","og_type":"article","og_title":"Mentions l\u00e9gales - Bleu Plaisance","og_description":"Mentions l\u00e9gales Accueil Mentions l\u00e9gales 1 &#8211; \u00c9dition du site En vertu de\u00a0l&rsquo;article 6 de la loi n\u00b0 2004-575 du 21 juin 2004\u00a0pour la confiance dans l&rsquo;\u00e9conomie num\u00e9rique, il est pr\u00e9cis\u00e9 aux utilisateurs du site internet\u00a0https:\/\/www.bleuplaisance.com\/\u00a0l&rsquo;identit\u00e9 des diff\u00e9rents intervenants dans le cadre de sa r\u00e9alisation et de son suivi: Propri\u00e9taire du site :\u00a0Bleu Plaisance\u00a0&#8211; Contact [&hellip;]","og_url":"https:\/\/www.bleuplaisance.com\/en\/mentions-legales\/","og_site_name":"Bleu Plaisance","article_modified_time":"2024-05-28T15:05:20+00:00","twitter_card":"summary_large_image","twitter_misc":{"Estimated reading time":"4 minutes"},"schema":{"@context":"https:\/\/schema.org","@graph":[{"@type":"WebPage","@id":"https:\/\/www.bleuplaisance.com\/mentions-legales\/","url":"https:\/\/www.bleuplaisance.com\/mentions-legales\/","name":"Mentions l\u00e9gales - Bleu Plaisance","isPartOf":{"@id":"https:\/\/www.bleuplaisance.com\/#website"},"datePublished":"2024-05-28T15:00:34+00:00","dateModified":"2024-05-28T15:05:20+00:00","breadcrumb":{"@id":"https:\/\/www.bleuplaisance.com\/mentions-legales\/#breadcrumb"},"inLanguage":"en-GB","potentialAction":[{"@type":"ReadAction","target":["https:\/\/www.bleuplaisance.com\/mentions-legales\/"]}]},{"@type":"BreadcrumbList","@id":"https:\/\/www.bleuplaisance.com\/mentions-legales\/#breadcrumb","itemListElement":[{"@type":"ListItem","position":1,"name":"Accueil","item":"https:\/\/www.bleuplaisance.com\/"},{"@type":"ListItem","position":2,"name":"Mentions l\u00e9gales"}]},{"@type":"WebSite","@id":"https:\/\/www.bleuplaisance.com\/#website","url":"https:\/\/www.bleuplaisance.com\/","name":"Blue Plaisance","description":"","publisher":{"@id":"https:\/\/www.bleuplaisance.com\/#organization"},"potentialAction":[{"@type":"SearchAction","target":{"@type":"EntryPoint","urlTemplate":"https:\/\/www.bleuplaisance.com\/?s={search_term_string}"},"query-input":{"@type":"PropertyValueSpecification","valueRequired":true,"valueName":"search_term_string"}}],"inLanguage":"en-GB"},{"@type":"Organization","@id":"https:\/\/www.bleuplaisance.com\/#organization","name":"Blue Plaisance","url":"https:\/\/www.bleuplaisance.com\/","logo":{"@type":"ImageObject","inLanguage":"en-GB","@id":"https:\/\/www.bleuplaisance.com\/#\/schema\/logo\/image\/","url":"https:\/\/www.bleuplaisance.com\/wp-content\/uploads\/2024\/02\/LOGO-BLEU-PLAISANCE-White-v_long.png","contentUrl":"https:\/\/www.bleuplaisance.com\/wp-content\/uploads\/2024\/02\/LOGO-BLEU-PLAISANCE-White-v_long.png","width":669,"height":216,"caption":"Bleu Plaisance"},"image":{"@id":"https:\/\/www.bleuplaisance.com\/#\/schema\/logo\/image\/"}}]}},"_links":{"self":[{"href":"https:\/\/www.bleuplaisance.com\/en\/wp-json\/wp\/v2\/pages\/2854","targetHints":{"allow":["GET"]}}],"collection":[{"href":"https:\/\/www.bleuplaisance.com\/en\/wp-json\/wp\/v2\/pages"}],"about":[{"href":"https:\/\/www.bleuplaisance.com\/en\/wp-json\/wp\/v2\/types\/page"}],"author":[{"embeddable":true,"href":"https:\/\/www.bleuplaisance.com\/en\/wp-json\/wp\/v2\/users\/3"}],"replies":[{"embeddable":true,"href":"https:\/\/www.bleuplaisance.com\/en\/wp-json\/wp\/v2\/comments?post=2854"}],"version-history":[{"count":5,"href":"https:\/\/www.bleuplaisance.com\/en\/wp-json\/wp\/v2\/pages\/2854\/revisions"}],"predecessor-version":[{"id":2861,"href":"https:\/\/www.bleuplaisance.com\/en\/wp-json\/wp\/v2\/pages\/2854\/revisions\/2861"}],"wp:attachment":[{"href":"https:\/\/www.bleuplaisance.com\/en\/wp-json\/wp\/v2\/media?parent=2854"}],"curies":[{"name":"wp","href":"https:\/\/api.w.org\/{rel}","templated":true}]}}