{"id":3,"date":"2024-02-29T08:24:44","date_gmt":"2024-02-29T08:24:44","guid":{"rendered":"https:\/\/dev.bleuplaisance.apache.youtribe.io\/?page_id=3"},"modified":"2024-05-28T16:43:32","modified_gmt":"2024-05-28T14:43:32","slug":"politique-de-confidentialite","status":"publish","type":"page","link":"https:\/\/www.bleuplaisance.com\/en\/politique-de-confidentialite\/","title":{"rendered":"Privacy Policy"},"content":{"rendered":"<div data-elementor-type=\"wp-page\" data-elementor-id=\"3\" class=\"elementor elementor-3\" data-elementor-post-type=\"page\">\n\t\t\t\t<div class=\"elementor-element elementor-element-18996df e-flex e-con-boxed e-con e-parent\" data-id=\"18996df\" data-element_type=\"container\" data-e-type=\"container\" data-settings=\"{&quot;background_background&quot;:&quot;classic&quot;}\">\n\t\t\t\t\t<div class=\"e-con-inner\">\n\t\t<div class=\"elementor-element elementor-element-9c75b27 e-con-full e-flex e-con e-child\" data-id=\"9c75b27\" data-element_type=\"container\" data-e-type=\"container\">\n\t\t\t\t<div class=\"elementor-element elementor-element-b223b66 de_scroll_animation_no elementor-invisible elementor-widget elementor-widget-heading\" data-id=\"b223b66\" data-element_type=\"widget\" data-e-type=\"widget\" data-settings=\"{&quot;_animation&quot;:&quot;fadeIn&quot;}\" data-widget_type=\"heading.default\">\n\t\t\t\t<div class=\"elementor-widget-container\">\n\t\t\t\t\t<h2 class=\"elementor-heading-title elementor-size-default\">Privacy Policy<\/h2>\t\t\t\t<\/div>\n\t\t\t\t<\/div>\n\t\t\t\t<div class=\"elementor-element elementor-element-003bbe5 elementor-icon-list--layout-inline elementor-align-center elementor-list-item-link-full_width de_scroll_animation_no elementor-invisible elementor-widget elementor-widget-icon-list\" data-id=\"003bbe5\" data-element_type=\"widget\" data-e-type=\"widget\" data-settings=\"{&quot;_animation&quot;:&quot;fadeIn&quot;,&quot;_animation_delay&quot;:200}\" data-widget_type=\"icon-list.default\">\n\t\t\t\t<div class=\"elementor-widget-container\">\n\t\t\t\t\t\t\t<ul class=\"elementor-icon-list-items elementor-inline-items\">\n\t\t\t\t\t\t\t<li class=\"elementor-icon-list-item elementor-inline-item\">\n\t\t\t\t\t\t\t\t\t\t\t<a href=\"https:\/\/www.bleuplaisance.com\/en\">\n\n\t\t\t\t\t\t\t\t\t\t\t<span class=\"elementor-icon-list-text\">Welcome<\/span>\n\t\t\t\t\t\t\t\t\t\t\t<\/a>\n\t\t\t\t\t\t\t\t\t<\/li>\n\t\t\t\t\t\t\t\t<li class=\"elementor-icon-list-item elementor-inline-item\">\n\t\t\t\t\t\t\t\t\t\t\t<span class=\"elementor-icon-list-icon\">\n\t\t\t\t\t\t\t<i aria-hidden=\"true\" class=\"icon icon-right-arrow2\"><\/i>\t\t\t\t\t\t<\/span>\n\t\t\t\t\t\t\t\t\t\t<span class=\"elementor-icon-list-text\">Privacy Policy<\/span>\n\t\t\t\t\t\t\t\t\t<\/li>\n\t\t\t\t\t\t<\/ul>\n\t\t\t\t\t\t<\/div>\n\t\t\t\t<\/div>\n\t\t\t\t<\/div>\n\t\t\t\t\t<\/div>\n\t\t\t\t<\/div>\n\t\t<div class=\"elementor-element elementor-element-7fe6aeee e-flex e-con-boxed e-con e-parent\" data-id=\"7fe6aeee\" data-element_type=\"container\" data-e-type=\"container\">\n\t\t\t\t\t<div class=\"e-con-inner\">\n\t\t\t\t<div class=\"elementor-element elementor-element-50808a2c de_scroll_animation_no elementor-widget elementor-widget-text-editor\" data-id=\"50808a2c\" data-element_type=\"widget\" data-e-type=\"widget\" data-widget_type=\"text-editor.default\">\n\t\t\t\t<div class=\"elementor-widget-container\">\n\t\t\t\t\t\t\t\t\t<p><em>Effective date: May 28, 2024<\/em><\/p><p>This Privacy Policy describes the policies of Bleu Plaisance, Port De Saint Aygulf, Fr\u00e9jus, Var 83370, France, email: <a target=\"_new\" rel=\"noreferrer\">contact@bleuplaisance.com<\/a>, telephone: +33659366678 regarding the collection, use and disclosure of your information that we collect when you use our website (<a href=\"https:\/\/www.bleuplaisance.com\/en\/\" target=\"_new\" rel=\"noreferrer\">https:\/\/www.bleuplaisance.com\/<\/a>) (the service &quot;). By accessing or using the Service, you consent to the collection, use and disclosure of your information in accordance with this Privacy Policy. If you do not agree, please do not access or use the Service.<\/p><p>We may change this Privacy Policy at any time without notice and will post the revised Policy on the Service. The revised policy will be effective 180 days after it is posted on the Service and your continued access or use of the Service after such period will constitute your acceptance of the revised Privacy Policy. We therefore recommend that you consult this page regularly.<\/p><p><strong>Information we collect:<\/strong><br \/>We will collect and process the following personal information about you:<\/p><ul><li>Name<\/li><li>E-mail<\/li><li>Mobile<\/li><\/ul><p><strong>How we use your information:<\/strong><\/p><p>We will use the information we collect about you for the following purposes:<\/p><ul><li>Support and customer service for contact form<\/li><li>Newsletter for the dedicated form<\/li><li>If we wish to use your information for other purposes, we will ask for your consent and will only use your information after receiving your consent and then only for the purpose(s) for which you have given your consent, unless the law requires us to act otherwise.<\/li><\/ul><p><strong>Retention of your information:<\/strong><br \/>We will retain your personal information with us for 90 days to 2 years after your account is terminated or for as long as necessary to fulfill the purposes for which it was collected as detailed in this Privacy Policy. We may need to retain certain information longer for recordkeeping\/reporting purposes in accordance with applicable law or for other legitimate reasons such as exercising legal rights, preventing fraud, etc. Residual anonymous information and aggregated information, which does not identify you (directly or indirectly), may be retained indefinitely.<\/p><p><strong>Your rights :<\/strong><br \/>Depending on applicable law, you may have the right to access and rectify or erase your personal data or receive a copy of your personal data, to restrict or object to the active processing of your data, to ask us to share (port) your personal information to another entity, to withdraw any consent you have given to us to process your data, a right to lodge a complaint with a statutory authority and other relevant rights under applicable laws. To exercise these rights, you can write to us at <a target=\"_new\" rel=\"noreferrer\">contact@bleuplaisance.com<\/a>. We will respond to your request in accordance with applicable law.<\/p><p>Please note that if you do not allow us to collect or process the required personal information or if you withdraw consent to process it for the required purposes, you may not be able to access or use the services for which your information has been requested.<\/p><p><strong>Cookies, etc.<\/strong><br \/>To learn more about how we use these technologies and your choices in relation to these tracking technologies, please refer to our Cookies Policy.<\/p><p><strong>Security :<\/strong><br \/>The security of your information is important to us and we will use reasonable security measures to prevent the loss, misuse or unauthorized alteration of your information under our control. However, given the inherent risks, we cannot guarantee absolute security and, therefore, we cannot ensure or warrant the security of any information you transmit to us and you do so at your own risk.<\/p><p><strong>Data Protection Officer \/ Complaint:<\/strong><br \/>If you have any questions or concerns regarding the processing of your information in our possession, you can email our Complaints Officer at Bleu Plaisance, Port De Saint Aygulf, email: <a target=\"_new\" rel=\"noreferrer\">contact@bleuplaisance.com<\/a>. We will address your concerns in accordance with applicable law.<\/p>\t\t\t\t\t\t\t\t<\/div>\n\t\t\t\t<\/div>\n\t\t\t\t\t<\/div>\n\t\t\t\t<\/div>\n\t\t\t\t<\/div>","protected":false},"excerpt":{"rendered":"<p>Politique de Confidentialit\u00e9 Accueil Politique de confidentialit\u00e9 Date d&rsquo;entr\u00e9e en vigueur : 28 mai 2024 Cette Politique de Confidentialit\u00e9 d\u00e9crit les politiques de Bleu Plaisance, Port De Saint Aygulf, Fr\u00e9jus, Var 83370, France, email : contact@bleuplaisance.com, t\u00e9l\u00e9phone : +33659366678 concernant la collecte, l&rsquo;utilisation et la divulgation de vos informations que nous recueillons lorsque vous utilisez [&hellip;]<\/p>\n","protected":false},"author":2,"featured_media":0,"parent":0,"menu_order":0,"comment_status":"closed","ping_status":"open","template":"","meta":{"footnotes":""},"class_list":["post-3","page","type-page","status-publish","hentry"],"yoast_head":"<!-- This site is optimized with the Yoast SEO plugin v27.5 - https:\/\/yoast.com\/product\/yoast-seo-wordpress\/ -->\n<title>Politique de confidentialit\u00e9 - Bleu Plaisance<\/title>\n<meta name=\"robots\" content=\"index, follow, max-snippet:-1, max-image-preview:large, max-video-preview:-1\" \/>\n<link rel=\"canonical\" href=\"https:\/\/www.bleuplaisance.com\/en\/politique-de-confidentialite\/\" \/>\n<meta property=\"og:locale\" content=\"en_GB\" \/>\n<meta property=\"og:type\" content=\"article\" \/>\n<meta property=\"og:title\" content=\"Politique de confidentialit\u00e9 - Bleu Plaisance\" \/>\n<meta property=\"og:description\" content=\"Politique de Confidentialit\u00e9 Accueil Politique de confidentialit\u00e9 Date d&rsquo;entr\u00e9e en vigueur : 28 mai 2024 Cette Politique de Confidentialit\u00e9 d\u00e9crit les politiques de Bleu Plaisance, Port De Saint Aygulf, Fr\u00e9jus, Var 83370, France, email : contact@bleuplaisance.com, t\u00e9l\u00e9phone : +33659366678 concernant la collecte, l&rsquo;utilisation et la divulgation de vos informations que nous recueillons lorsque vous utilisez [&hellip;]\" \/>\n<meta property=\"og:url\" content=\"https:\/\/www.bleuplaisance.com\/en\/politique-de-confidentialite\/\" \/>\n<meta property=\"og:site_name\" content=\"Bleu Plaisance\" \/>\n<meta property=\"article:modified_time\" content=\"2024-05-28T14:43:32+00:00\" \/>\n<meta name=\"twitter:card\" content=\"summary_large_image\" \/>\n<meta name=\"twitter:label1\" content=\"Estimated reading time\" \/>\n\t<meta name=\"twitter:data1\" content=\"4 minutes\" \/>\n<script type=\"application\/ld+json\" class=\"yoast-schema-graph\">{\"@context\":\"https:\\\/\\\/schema.org\",\"@graph\":[{\"@type\":\"WebPage\",\"@id\":\"https:\\\/\\\/www.bleuplaisance.com\\\/politique-de-confidentialite\\\/\",\"url\":\"https:\\\/\\\/www.bleuplaisance.com\\\/politique-de-confidentialite\\\/\",\"name\":\"Politique de confidentialit\u00e9 - Bleu Plaisance\",\"isPartOf\":{\"@id\":\"https:\\\/\\\/www.bleuplaisance.com\\\/#website\"},\"datePublished\":\"2024-02-29T08:24:44+00:00\",\"dateModified\":\"2024-05-28T14:43:32+00:00\",\"breadcrumb\":{\"@id\":\"https:\\\/\\\/www.bleuplaisance.com\\\/politique-de-confidentialite\\\/#breadcrumb\"},\"inLanguage\":\"en-GB\",\"potentialAction\":[{\"@type\":\"ReadAction\",\"target\":[\"https:\\\/\\\/www.bleuplaisance.com\\\/politique-de-confidentialite\\\/\"]}]},{\"@type\":\"BreadcrumbList\",\"@id\":\"https:\\\/\\\/www.bleuplaisance.com\\\/politique-de-confidentialite\\\/#breadcrumb\",\"itemListElement\":[{\"@type\":\"ListItem\",\"position\":1,\"name\":\"Accueil\",\"item\":\"https:\\\/\\\/www.bleuplaisance.com\\\/\"},{\"@type\":\"ListItem\",\"position\":2,\"name\":\"Politique de confidentialit\u00e9\"}]},{\"@type\":\"WebSite\",\"@id\":\"https:\\\/\\\/www.bleuplaisance.com\\\/#website\",\"url\":\"https:\\\/\\\/www.bleuplaisance.com\\\/\",\"name\":\"Bleu Plaisance\",\"description\":\"\",\"publisher\":{\"@id\":\"https:\\\/\\\/www.bleuplaisance.com\\\/#organization\"},\"potentialAction\":[{\"@type\":\"SearchAction\",\"target\":{\"@type\":\"EntryPoint\",\"urlTemplate\":\"https:\\\/\\\/www.bleuplaisance.com\\\/?s={search_term_string}\"},\"query-input\":{\"@type\":\"PropertyValueSpecification\",\"valueRequired\":true,\"valueName\":\"search_term_string\"}}],\"inLanguage\":\"en-GB\"},{\"@type\":\"Organization\",\"@id\":\"https:\\\/\\\/www.bleuplaisance.com\\\/#organization\",\"name\":\"Bleu Plaisance\",\"url\":\"https:\\\/\\\/www.bleuplaisance.com\\\/\",\"logo\":{\"@type\":\"ImageObject\",\"inLanguage\":\"en-GB\",\"@id\":\"https:\\\/\\\/www.bleuplaisance.com\\\/#\\\/schema\\\/logo\\\/image\\\/\",\"url\":\"https:\\\/\\\/www.bleuplaisance.com\\\/wp-content\\\/uploads\\\/2024\\\/02\\\/LOGO-BLEU-PLAISANCE-White-v_long.png\",\"contentUrl\":\"https:\\\/\\\/www.bleuplaisance.com\\\/wp-content\\\/uploads\\\/2024\\\/02\\\/LOGO-BLEU-PLAISANCE-White-v_long.png\",\"width\":669,\"height\":216,\"caption\":\"Bleu Plaisance\"},\"image\":{\"@id\":\"https:\\\/\\\/www.bleuplaisance.com\\\/#\\\/schema\\\/logo\\\/image\\\/\"}}]}<\/script>\n<!-- \/ Yoast SEO plugin. -->","yoast_head_json":{"title":"Politique de confidentialit\u00e9 - Bleu Plaisance","robots":{"index":"index","follow":"follow","max-snippet":"max-snippet:-1","max-image-preview":"max-image-preview:large","max-video-preview":"max-video-preview:-1"},"canonical":"https:\/\/www.bleuplaisance.com\/en\/politique-de-confidentialite\/","og_locale":"en_GB","og_type":"article","og_title":"Politique de confidentialit\u00e9 - Bleu Plaisance","og_description":"Politique de Confidentialit\u00e9 Accueil Politique de confidentialit\u00e9 Date d&rsquo;entr\u00e9e en vigueur : 28 mai 2024 Cette Politique de Confidentialit\u00e9 d\u00e9crit les politiques de Bleu Plaisance, Port De Saint Aygulf, Fr\u00e9jus, Var 83370, France, email : contact@bleuplaisance.com, t\u00e9l\u00e9phone : +33659366678 concernant la collecte, l&rsquo;utilisation et la divulgation de vos informations que nous recueillons lorsque vous utilisez [&hellip;]","og_url":"https:\/\/www.bleuplaisance.com\/en\/politique-de-confidentialite\/","og_site_name":"Bleu Plaisance","article_modified_time":"2024-05-28T14:43:32+00:00","twitter_card":"summary_large_image","twitter_misc":{"Estimated reading time":"4 minutes"},"schema":{"@context":"https:\/\/schema.org","@graph":[{"@type":"WebPage","@id":"https:\/\/www.bleuplaisance.com\/politique-de-confidentialite\/","url":"https:\/\/www.bleuplaisance.com\/politique-de-confidentialite\/","name":"Politique de confidentialit\u00e9 - Bleu Plaisance","isPartOf":{"@id":"https:\/\/www.bleuplaisance.com\/#website"},"datePublished":"2024-02-29T08:24:44+00:00","dateModified":"2024-05-28T14:43:32+00:00","breadcrumb":{"@id":"https:\/\/www.bleuplaisance.com\/politique-de-confidentialite\/#breadcrumb"},"inLanguage":"en-GB","potentialAction":[{"@type":"ReadAction","target":["https:\/\/www.bleuplaisance.com\/politique-de-confidentialite\/"]}]},{"@type":"BreadcrumbList","@id":"https:\/\/www.bleuplaisance.com\/politique-de-confidentialite\/#breadcrumb","itemListElement":[{"@type":"ListItem","position":1,"name":"Accueil","item":"https:\/\/www.bleuplaisance.com\/"},{"@type":"ListItem","position":2,"name":"Politique de confidentialit\u00e9"}]},{"@type":"WebSite","@id":"https:\/\/www.bleuplaisance.com\/#website","url":"https:\/\/www.bleuplaisance.com\/","name":"Blue Plaisance","description":"","publisher":{"@id":"https:\/\/www.bleuplaisance.com\/#organization"},"potentialAction":[{"@type":"SearchAction","target":{"@type":"EntryPoint","urlTemplate":"https:\/\/www.bleuplaisance.com\/?s={search_term_string}"},"query-input":{"@type":"PropertyValueSpecification","valueRequired":true,"valueName":"search_term_string"}}],"inLanguage":"en-GB"},{"@type":"Organization","@id":"https:\/\/www.bleuplaisance.com\/#organization","name":"Blue Plaisance","url":"https:\/\/www.bleuplaisance.com\/","logo":{"@type":"ImageObject","inLanguage":"en-GB","@id":"https:\/\/www.bleuplaisance.com\/#\/schema\/logo\/image\/","url":"https:\/\/www.bleuplaisance.com\/wp-content\/uploads\/2024\/02\/LOGO-BLEU-PLAISANCE-White-v_long.png","contentUrl":"https:\/\/www.bleuplaisance.com\/wp-content\/uploads\/2024\/02\/LOGO-BLEU-PLAISANCE-White-v_long.png","width":669,"height":216,"caption":"Bleu Plaisance"},"image":{"@id":"https:\/\/www.bleuplaisance.com\/#\/schema\/logo\/image\/"}}]}},"_links":{"self":[{"href":"https:\/\/www.bleuplaisance.com\/en\/wp-json\/wp\/v2\/pages\/3","targetHints":{"allow":["GET"]}}],"collection":[{"href":"https:\/\/www.bleuplaisance.com\/en\/wp-json\/wp\/v2\/pages"}],"about":[{"href":"https:\/\/www.bleuplaisance.com\/en\/wp-json\/wp\/v2\/types\/page"}],"author":[{"embeddable":true,"href":"https:\/\/www.bleuplaisance.com\/en\/wp-json\/wp\/v2\/users\/2"}],"replies":[{"embeddable":true,"href":"https:\/\/www.bleuplaisance.com\/en\/wp-json\/wp\/v2\/comments?post=3"}],"version-history":[{"count":5,"href":"https:\/\/www.bleuplaisance.com\/en\/wp-json\/wp\/v2\/pages\/3\/revisions"}],"predecessor-version":[{"id":2853,"href":"https:\/\/www.bleuplaisance.com\/en\/wp-json\/wp\/v2\/pages\/3\/revisions\/2853"}],"wp:attachment":[{"href":"https:\/\/www.bleuplaisance.com\/en\/wp-json\/wp\/v2\/media?parent=3"}],"curies":[{"name":"wp","href":"https:\/\/api.w.org\/{rel}","templated":true}]}}